{"id":3,"date":"2023-12-15T13:50:28","date_gmt":"2023-12-15T12:50:28","guid":{"rendered":"https:\/\/beachhouse-croatia.com\/?page_id=3"},"modified":"2024-02-08T13:16:44","modified_gmt":"2024-02-08T12:16:44","slug":"datenschutz","status":"publish","type":"page","link":"https:\/\/beachhouse-croatia.com\/en\/datenschutz\/","title":{"rendered":"Datenschutzerkl\u00e4rung"},"content":{"rendered":"<h2 class=\"wp-block-heading\">Wer wir sind<\/h2>\n\n\n\n<p>Die Adresse unserer Website ist: https:\/\/beachhouse-croatia.com.<br>Weiteres finden Sie in unserem <a href=\"https:\/\/beachhouse-croatia.com\/en\/impressum\/\" data-type=\"page\" data-id=\"743\">Imprint<\/a>.<\/p>\n\n\n\n<h2 class=\"wp-block-heading\">Medien<\/h2>\n\n\n\n<p>Unsere Texte, Fotos und Videos geh\u00f6ren alle uns und d\u00fcrfen nur mit einer besonderer Genehmigung unsererseits verwendet werden.<\/p>\n\n\n\n<h2 class=\"wp-block-heading\">Cookies<\/h2>\n\n\n\n<p>Sollten Sie ein Konto haben und sich auf dieser Website anmelden, werden wir ein tempor\u00e4res Cookie setzen, um festzustellen, ob Ihr Browser Cookies akzeptiert. Dieses Cookie enth\u00e4lt keine personenbezogenen Daten und wird verworfen, wenn Sie Ihren Browser schlie\u00dfen.<\/p>\n\n\n\n<h2 class=\"wp-block-heading\">Eingebettete Inhalte von anderen Websites<\/h2>\n\n\n\n<p>Beitr\u00e4ge auf dieser Website k\u00f6nnen eingebettete Inhalte beinhalten (z.&nbsp;B. Videos, Bilder, Beitr\u00e4ge etc.). Eingebettete Inhalte von anderen Websites verhalten sich exakt so, als ob der Besucher die andere Website besucht h\u00e4tte.<\/p>\n\n\n\n<p>Diese Websites k\u00f6nnen Daten \u00fcber dich sammeln, Cookies benutzen, zus\u00e4tzliche Tracking-Dienste von Dritten einbetten und deine Interaktion mit diesem eingebetteten Inhalt aufzeichnen, inklusive deiner Interaktion mit dem eingebetteten Inhalt, falls du ein Konto hast und auf dieser Website angemeldet bist.<\/p>\n\n\n\n<h2 class=\"wp-block-heading\">Mit wem wir Ihre Daten teilen<\/h2>\n\n\n\n<p>Sollten Sie bei uns Buchen werden alle von Ihnen bereitgestellten Buchungsdetails auf unserer Website privat gespeichert. Bedeutet, nur wir k\u00f6nnen Ihre Daten zum Verwalten der Buchung einsehen, bearbeiten und l\u00f6schen.<\/p>\n\n\n\n<h2 class=\"wp-block-heading\">Wie lange wir Ihre Daten speichern<\/h2>\n\n\n\n<p>Ihre Daten werden mindestens bis zum Ende Ihrer Buchung auf unseren Servern gespeichert, wir behalten uns vor, Ihre Daten dar\u00fcber hinaus noch 2 Jahre lang, zum Zweck der Nachvollziehbarkeit, zu speichern. Nat\u00fcrlich k\u00f6nnen Sie uns jederzeit mit Ihrem Anliegen bez\u00fcglich Ihrer Daten kontaktieren. Sie haben nat\u00fcrlich auch das Recht Ihre Daten bei uns zu l\u00f6schen.<\/p>\n\n\n\n<h2 class=\"wp-block-heading\">Welche Rechte Sie an Ihren Daten haben<\/h2>\n\n\n\n<p>Sollten Sie Ihre Buchung in Anspruch genommen haben, k\u00f6nnen Sie uns eine Email schreiben um Ihre Daten aus unserem System zu l\u00f6schen. Bei einer Stornierung, werden automatisch auch Ihre Daten gel\u00f6scht.<\/p>","protected":false},"excerpt":{"rendered":"<p>Wer wir sind Die Adresse unserer Website ist: https:\/\/beachhouse-croatia.com.Weiteres finden Sie in unserem Impressum. Medien Unsere Texte, Fotos und Videos geh\u00f6ren alle uns und d\u00fcrfen nur mit einer besonderer Genehmigung unsererseits verwendet werden. Cookies Sollten Sie ein Konto haben und sich auf dieser Website anmelden, werden wir ein tempor\u00e4res Cookie setzen, um festzustellen, ob Ihr [&hellip;]<\/p>","protected":false},"author":1,"featured_media":0,"parent":0,"menu_order":0,"comment_status":"closed","ping_status":"open","template":"","meta":{"footnotes":""},"class_list":["post-3","page","type-page","status-publish","hentry"],"jetpack_sharing_enabled":true,"_links":{"self":[{"href":"https:\/\/beachhouse-croatia.com\/en\/wp-json\/wp\/v2\/pages\/3","targetHints":{"allow":["GET"]}}],"collection":[{"href":"https:\/\/beachhouse-croatia.com\/en\/wp-json\/wp\/v2\/pages"}],"about":[{"href":"https:\/\/beachhouse-croatia.com\/en\/wp-json\/wp\/v2\/types\/page"}],"author":[{"embeddable":true,"href":"https:\/\/beachhouse-croatia.com\/en\/wp-json\/wp\/v2\/users\/1"}],"replies":[{"embeddable":true,"href":"https:\/\/beachhouse-croatia.com\/en\/wp-json\/wp\/v2\/comments?post=3"}],"version-history":[{"count":2,"href":"https:\/\/beachhouse-croatia.com\/en\/wp-json\/wp\/v2\/pages\/3\/revisions"}],"predecessor-version":[{"id":749,"href":"https:\/\/beachhouse-croatia.com\/en\/wp-json\/wp\/v2\/pages\/3\/revisions\/749"}],"wp:attachment":[{"href":"https:\/\/beachhouse-croatia.com\/en\/wp-json\/wp\/v2\/media?parent=3"}],"curies":[{"name":"wp","href":"https:\/\/api.w.org\/{rel}","templated":true}]}}