{"id":17,"date":"2023-12-15T15:22:40","date_gmt":"2023-12-15T14:22:40","guid":{"rendered":"https:\/\/beachhouse-croatia.com\/?page_id=17"},"modified":"2024-07-31T18:25:36","modified_gmt":"2024-07-31T16:25:36","slug":"booking","status":"publish","type":"page","link":"https:\/\/beachhouse-croatia.com\/en\/booking\/","title":{"rendered":"Buchung"},"content":{"rendered":"<p>Online Buchung noch nicht verf\u00fcgbar<\/p>\n\n\n\n<p>Bitte kontaktieren Sie uns per Mail: villa@beachhouse-croatia.com <\/p>\n\n\n\n<p>Vielen Dank f\u00fcr Ihr Verst\u00e4ndnis.<\/p>","protected":false},"excerpt":{"rendered":"<p>Online Buchung noch nicht verf\u00fcgbar Bitte kontaktieren Sie uns per Mail: villa@beachhouse-croatia.com Vielen Dank f\u00fcr Ihr Verst\u00e4ndnis.<\/p>","protected":false},"author":1,"featured_media":125,"parent":0,"menu_order":0,"comment_status":"closed","ping_status":"closed","template":"site-templates\/template-booking.php","meta":{"footnotes":""},"class_list":["post-17","page","type-page","status-publish","has-post-thumbnail","hentry"],"jetpack_sharing_enabled":true,"_links":{"self":[{"href":"https:\/\/beachhouse-croatia.com\/en\/wp-json\/wp\/v2\/pages\/17","targetHints":{"allow":["GET"]}}],"collection":[{"href":"https:\/\/beachhouse-croatia.com\/en\/wp-json\/wp\/v2\/pages"}],"about":[{"href":"https:\/\/beachhouse-croatia.com\/en\/wp-json\/wp\/v2\/types\/page"}],"author":[{"embeddable":true,"href":"https:\/\/beachhouse-croatia.com\/en\/wp-json\/wp\/v2\/users\/1"}],"replies":[{"embeddable":true,"href":"https:\/\/beachhouse-croatia.com\/en\/wp-json\/wp\/v2\/comments?post=17"}],"version-history":[{"count":3,"href":"https:\/\/beachhouse-croatia.com\/en\/wp-json\/wp\/v2\/pages\/17\/revisions"}],"predecessor-version":[{"id":298,"href":"https:\/\/beachhouse-croatia.com\/en\/wp-json\/wp\/v2\/pages\/17\/revisions\/298"}],"wp:featuredmedia":[{"embeddable":true,"href":"https:\/\/beachhouse-croatia.com\/en\/wp-json\/wp\/v2\/media\/125"}],"wp:attachment":[{"href":"https:\/\/beachhouse-croatia.com\/en\/wp-json\/wp\/v2\/media?parent=17"}],"curies":[{"name":"wp","href":"https:\/\/api.w.org\/{rel}","templated":true}]}}